{"id":1876,"date":"2021-05-24T18:18:57","date_gmt":"2021-05-24T12:48:57","guid":{"rendered":"https:\/\/veit-gmbh.de\/?page_id=1876"},"modified":"2023-09-22T16:49:55","modified_gmt":"2023-09-22T11:19:55","slug":"interlocuteurs","status":"publish","type":"page","link":"https:\/\/veit-gmbh.de\/fr\/entreprise\/interlocuteurs\/","title":{"rendered":"Personne de contact"},"content":{"rendered":"<p>Usine de transformation du papier<br \/>\nFRANZ VEIT GMBH<br \/>\nM\u00fchlfeld 1<br \/>\n96114 Hirschaid<\/p>\n<p> FRANZ VEIT NORDIC A\/S in Skive\/Danemark<\/p>\n<p>La filiale FRANZ VEIT NORDIC A\/S bas\u00e9e au Danemark, avec un entrep\u00f4t de livraison \u00e0 Skive\/Danemark et un entrep\u00f4t \u00e0 J\u00f6nk\u00f6ping\/Su\u00e8de, est responsable de la Scandinavie.<\/p>\n<p>FRANZ VEIT NORDIC A\/S<br \/>\nAagade 16<br \/>\nDK-7800 Skive <\/p>\n","protected":false},"excerpt":{"rendered":"<p>Usine de transformation du papier FRANZ VEIT GMBH M\u00fchlfeld 1 96114 Hirschaid FRANZ VEIT NORDIC A\/S in Skive\/Danemark La filiale FRANZ VEIT NORDIC A\/S bas\u00e9e au Danemark, avec un entrep\u00f4t de livraison \u00e0 Skive\/Danemark et un entrep\u00f4t \u00e0 J\u00f6nk\u00f6ping\/Su\u00e8de, est responsable de la Scandinavie. FRANZ VEIT NORDIC A\/S Aagade 16 DK-7800 Skive<\/p>\n","protected":false},"author":4,"featured_media":0,"parent":1870,"menu_order":2,"comment_status":"closed","ping_status":"closed","template":"template-parts\/content-ansprechpartner.php","meta":{"_acf_changed":false,"footnotes":""},"class_list":["post-1876","page","type-page","status-publish","hentry"],"acf":[],"_links":{"self":[{"href":"https:\/\/veit-gmbh.de\/fr\/wp-json\/wp\/v2\/pages\/1876","targetHints":{"allow":["GET"]}}],"collection":[{"href":"https:\/\/veit-gmbh.de\/fr\/wp-json\/wp\/v2\/pages"}],"about":[{"href":"https:\/\/veit-gmbh.de\/fr\/wp-json\/wp\/v2\/types\/page"}],"author":[{"embeddable":true,"href":"https:\/\/veit-gmbh.de\/fr\/wp-json\/wp\/v2\/users\/4"}],"replies":[{"embeddable":true,"href":"https:\/\/veit-gmbh.de\/fr\/wp-json\/wp\/v2\/comments?post=1876"}],"version-history":[{"count":4,"href":"https:\/\/veit-gmbh.de\/fr\/wp-json\/wp\/v2\/pages\/1876\/revisions"}],"predecessor-version":[{"id":2046,"href":"https:\/\/veit-gmbh.de\/fr\/wp-json\/wp\/v2\/pages\/1876\/revisions\/2046"}],"up":[{"embeddable":true,"href":"https:\/\/veit-gmbh.de\/fr\/wp-json\/wp\/v2\/pages\/1870"}],"wp:attachment":[{"href":"https:\/\/veit-gmbh.de\/fr\/wp-json\/wp\/v2\/media?parent=1876"}],"curies":[{"name":"wp","href":"https:\/\/api.w.org\/{rel}","templated":true}]}}