{"id":1880,"date":"2021-05-24T18:35:21","date_gmt":"2021-05-24T13:05:21","guid":{"rendered":"https:\/\/veit-gmbh.de\/?page_id=1880"},"modified":"2026-03-05T18:53:52","modified_gmt":"2026-03-05T13:23:52","slug":"reach","status":"publish","type":"page","link":"https:\/\/veit-gmbh.de\/fr\/reach\/","title":{"rendered":"REACH"},"content":{"rendered":"<h1><\/h1>\n<h1><strong>Informations conform\u00e9ment \u00e0 l&rsquo;article 33 du r\u00e8glement REACH<\/strong><\/h1>\n<p>Dans un souci de s\u00e9curit\u00e9 maximale des produits et des livraisons, nous souhaitons par la pr\u00e9sente remplir nos obligations d&rsquo;information conform\u00e9ment \u00e0 l&rsquo;article 33 du r\u00e8glement REACH relatif aux substances extr\u00eamement pr\u00e9occupantes (SVHC).<\/p>\n<p>Nos produits contiennent les substances suivantes de la liste des substances candidates SVHC (\u00e9tat au 4 f\u00e9vrier 2026) conform\u00e9ment \u00e0 l&rsquo;article 59 (10) du r\u00e8glement (CE) 1907\/2006 (\u00ab REACH \u00bb) \u00e0 une concentration sup\u00e9rieure \u00e0 0,1 % en masse :<\/p>\n<div class=\"table-responsive\">\n<table class=\"table\" style=\"width: 100%;\">\n<thead>\n<tr>\n<th style=\"width: 21.8966%;\">Produit<\/th>\n<th style=\"width: 40.3448%;\">Substance candidate<\/th>\n<th style=\"width: 17.931%;\">N\u00b0 CAS<\/th>\n<th style=\"width: 19.6552%;\">N\u00b0 CE<\/th>\n<\/tr>\n<\/thead>\n<tbody>\n<tr>\n<td style=\"width: 21.8966%;\">Rouleaux thermiques, sans marquage \u00ab\u00a0sans Bisph\u00e9nol\u00a0\u00bb (BP) ou \u00ab\u00a0sans Ph\u00e9nol\u00a0\u00bb (PF)<\/td>\n<td style=\"width: 40.3448%;\">4,4\u2032-sulfonyl-diph\u00e9nol<\/td>\n<td style=\"width: 17.931%;\">80-09-1<\/td>\n<td style=\"width: 19.6552%;\">201-250-5<\/td>\n<\/tr>\n<tr>\n<td style=\"width: 21.8966%;\">Rouleaux \u00e0 plusieurs bandes SC\/CB<\/td>\n<td style=\"width: 40.3448%;\">M\u00e9lamine<\/td>\n<td style=\"width: 17.931%;\">108-78-1<\/td>\n<td style=\"width: 19.6552%;\">203-615-4<\/td>\n<\/tr>\n<\/tbody>\n<\/table>\n<\/div>\n<p>(voir \u00e9galement le lien <a href=\"https:\/\/echa.europa.eu\/de\/candidate-list-table\">de l&rsquo;ECHA<\/a>)<\/p>\n<p>La pr\u00e9sence de la substance candidate n&rsquo;a actuellement aucune incidence juridique directe sur la fabrication et la mise sur le march\u00e9 des produits mentionn\u00e9s. Vous \u00eates uniquement soumis \u00e0 des obligations d&rsquo;information en vertu de l&rsquo;article 33 du r\u00e8glement REACH, auxquelles vous devez vous conformer envers vos clients en tant que maillon de la cha\u00eene d&rsquo;approvisionnement.<\/p>\n","protected":false},"excerpt":{"rendered":"<p>Informations conform\u00e9ment \u00e0 l&rsquo;article 33 du r\u00e8glement REACH Dans un souci de s\u00e9curit\u00e9 maximale des produits et des livraisons, nous souhaitons par la pr\u00e9sente remplir nos obligations d&rsquo;information conform\u00e9ment \u00e0 l&rsquo;article 33 du r\u00e8glement REACH relatif aux substances extr\u00eamement pr\u00e9occupantes (SVHC). Nos produits contiennent les substances suivantes de la liste des substances candidates SVHC (\u00e9tat [&hellip;]<\/p>\n","protected":false},"author":1,"featured_media":0,"parent":0,"menu_order":998,"comment_status":"closed","ping_status":"closed","template":"","meta":{"_acf_changed":false,"footnotes":""},"class_list":["post-1880","page","type-page","status-publish","hentry"],"acf":[],"_links":{"self":[{"href":"https:\/\/veit-gmbh.de\/fr\/wp-json\/wp\/v2\/pages\/1880","targetHints":{"allow":["GET"]}}],"collection":[{"href":"https:\/\/veit-gmbh.de\/fr\/wp-json\/wp\/v2\/pages"}],"about":[{"href":"https:\/\/veit-gmbh.de\/fr\/wp-json\/wp\/v2\/types\/page"}],"author":[{"embeddable":true,"href":"https:\/\/veit-gmbh.de\/fr\/wp-json\/wp\/v2\/users\/1"}],"replies":[{"embeddable":true,"href":"https:\/\/veit-gmbh.de\/fr\/wp-json\/wp\/v2\/comments?post=1880"}],"version-history":[{"count":8,"href":"https:\/\/veit-gmbh.de\/fr\/wp-json\/wp\/v2\/pages\/1880\/revisions"}],"predecessor-version":[{"id":3133,"href":"https:\/\/veit-gmbh.de\/fr\/wp-json\/wp\/v2\/pages\/1880\/revisions\/3133"}],"wp:attachment":[{"href":"https:\/\/veit-gmbh.de\/fr\/wp-json\/wp\/v2\/media?parent=1880"}],"curies":[{"name":"wp","href":"https:\/\/api.w.org\/{rel}","templated":true}]}}