{"id":1948,"date":"2021-05-24T18:37:05","date_gmt":"2021-05-24T13:07:05","guid":{"rendered":"https:\/\/veit-gmbh.de\/?page_id=1948"},"modified":"2023-09-22T16:43:49","modified_gmt":"2023-09-22T11:13:49","slug":"impressum","status":"publish","type":"page","link":"https:\/\/veit-gmbh.de\/fr\/impressum\/","title":{"rendered":"Mentions l\u00e9gales"},"content":{"rendered":"<h1 class=\"\">Mentions l\u00e9gales<\/h1>\n<p>Papierverarbeitungswerk Franz Veit GmbH<\/p>\n<p>M\u00fchlfeld 1<br \/>\n96114 Hirschaid<br \/>\nDeutschland<\/p>\n<p>Telefon: +49 9543 \/ 447-0<\/p>\n<p>E-Mail: info@veit-gmbh.de<\/p>\n<p>Gesch\u00e4ftsf\u00fchrer: Christoph Ettel<\/p>\n<p>Handelsregister: Amtsgericht Bamberg, HRB 117<\/p>\n<p>USt.-ID: DE132271832<\/p>\n<p>Swift: BYLADEMM<br \/>\nBIC: BYLADEM1 SKB (Sparkasse Bamberg)<br \/>\nIBAN: DE32 770 500 00 0000 152 173<\/p>\n<p>Die Europ\u00e4ische Kommission stellt eine Plattform zur Online-Streitbeilegung (OS) bereit, die Sie hier finden <a href=\"https:\/\/ec.europa.eu\/consumers\/odr\/\">https:\/\/ec.europa.eu\/consumers\/odr\/<\/a>. Zur Teilnahme an einem Streitbeilegungsverfahren vor einer Verbraucherschlichtungsstelle sind wir nicht verpflichtet und nicht bereit.<\/p>\n<p>Dieses Impressum gilt ausdr\u00fccklich auch f\u00fcr die Plattformauftritte bei Facebook, Instagram und YouTube.<\/p>\n<p><strong>Haftung f\u00fcr Inhalte<\/strong><\/p>\n<p>Als Diensteanbieter sind wir gem\u00e4\u00df \u00a7 7 Abs. 1 TMG f\u00fcr eigene Inhalte auf unseren Seiten nach den allgemeinen Gesetzen verantwortlich. Nach \u00a7 7 Abs. 2 TMG sind wir im Sinne der \u00a7\u00a7 8 bis 10 TMG als Diensteanbieter jedoch nicht dazu verpflichtet, \u00fcbermittelte oder gespeicherte fremde Informationen zu \u00fcberwachen oder nach Umst\u00e4nden zu forschen, die auf eine rechtswidrige T\u00e4tigkeit hinweisen. Verpflichtungen zur Entfernung von Informationen oder zur Sperrung der Nutzung von Informationen nach den allgemeinen Gesetzen bleiben hiervon unber\u00fchrt. Eine diesbez\u00fcgliche Haftung ist jedoch erst ab dem Zeitpunkt unserer Kenntnis einer konkreten Rechtsverletzung m\u00f6glich. Bei Bekanntwerden von Rechtsverletzungen werden wir diese Inhalte umgehend entfernen.<\/p>\n<p><strong>Haftung f\u00fcr Links<\/strong><\/p>\n<p>Unser Angebot enth\u00e4lt \u2013 deutlich erkennbar \u2013 Links zu Internet-Auftritten anderer Unternehmen, auf deren Inhalte wir keinen Einfluss haben. Daher k\u00f6nnen wir f\u00fcr diese Inhalte keine Gew\u00e4hr und Haftung \u00fcbernehmen. F\u00fcr die Inhalte dieser Seiten ist stets der jeweilige Anbieter oder Betreiber der Seiten verantwortlich. Die verlinkten Seiten wurden zum Zeitpunkt der Verlinkung auf m\u00f6gliche Rechtsverst\u00f6\u00dfe \u00fcberpr\u00fcft. Rechtswidrige Inhalte waren zum Zeitpunkt der Verlinkung nicht erkennbar. Eine permanente inhaltliche Kontrolle der verlinkten Seiten ist jedoch ohne konkrete Anhaltspunkte einer Rechtsverletzung nicht zumutbar. Bei Bekanntwerden von Rechtsverletzungen werden wir derartige Links umgehend entfernen.<\/p>\n<p><strong>Urheberrecht<\/strong><\/p>\n<p>Soweit die Inhalte auf unseren Seiten nicht vom Betreiber erstellt wurden, werden die Urheberrechte Dritter beachtet. Insbesondere werden Inhalte Dritter als solche gekennzeichnet. Sollten Sie trotzdem auf eine Urheberrechtsverletzung aufmerksam werden, bitten wir um einen entsprechenden Hinweis. Bei Bekanntwerden von Rechtsverletzungen werden wir derartige Inhalte umgehend entfernen.<\/p>\n<p><b>Design, Foto und Programmierung<\/b><br \/>\n<a href=\"https:\/\/www.adalis.de\/\" target=\"_blank\" rel=\"noreferrer noopener\">Werbeagentur ADALIS Bamberg<\/a><\/p>\n","protected":false},"excerpt":{"rendered":"<p>Mentions l\u00e9gales Papierverarbeitungswerk Franz Veit GmbH M\u00fchlfeld 1 96114 Hirschaid Deutschland Telefon: +49 9543 \/ 447-0 E-Mail: info@veit-gmbh.de Gesch\u00e4ftsf\u00fchrer: Christoph Ettel Handelsregister: Amtsgericht Bamberg, HRB 117 USt.-ID: DE132271832 Swift: BYLADEMM BIC: BYLADEM1 SKB (Sparkasse Bamberg) IBAN: DE32 770 500 00 0000 152 173 Die Europ\u00e4ische Kommission stellt eine Plattform zur Online-Streitbeilegung (OS) bereit, die Sie [&hellip;]<\/p>\n","protected":false},"author":4,"featured_media":0,"parent":0,"menu_order":999,"comment_status":"closed","ping_status":"closed","template":"","meta":{"_acf_changed":false,"footnotes":""},"class_list":["post-1948","page","type-page","status-publish","hentry"],"acf":[],"_links":{"self":[{"href":"https:\/\/veit-gmbh.de\/fr\/wp-json\/wp\/v2\/pages\/1948","targetHints":{"allow":["GET"]}}],"collection":[{"href":"https:\/\/veit-gmbh.de\/fr\/wp-json\/wp\/v2\/pages"}],"about":[{"href":"https:\/\/veit-gmbh.de\/fr\/wp-json\/wp\/v2\/types\/page"}],"author":[{"embeddable":true,"href":"https:\/\/veit-gmbh.de\/fr\/wp-json\/wp\/v2\/users\/4"}],"replies":[{"embeddable":true,"href":"https:\/\/veit-gmbh.de\/fr\/wp-json\/wp\/v2\/comments?post=1948"}],"version-history":[{"count":3,"href":"https:\/\/veit-gmbh.de\/fr\/wp-json\/wp\/v2\/pages\/1948\/revisions"}],"predecessor-version":[{"id":2043,"href":"https:\/\/veit-gmbh.de\/fr\/wp-json\/wp\/v2\/pages\/1948\/revisions\/2043"}],"wp:attachment":[{"href":"https:\/\/veit-gmbh.de\/fr\/wp-json\/wp\/v2\/media?parent=1948"}],"curies":[{"name":"wp","href":"https:\/\/api.w.org\/{rel}","templated":true}]}}